{"id":318,"date":"2023-12-31T16:59:25","date_gmt":"2023-12-31T16:59:25","guid":{"rendered":"https:\/\/forto-lebensberatung.de\/?page_id=318"},"modified":"2024-02-17T22:29:19","modified_gmt":"2024-02-17T22:29:19","slug":"agb","status":"publish","type":"page","link":"https:\/\/forto-lebensberatung.de\/bs\/agb\/","title":{"rendered":"AGB"},"content":{"rendered":"<div data-elementor-type=\"wp-page\" data-elementor-id=\"318\" class=\"elementor elementor-318\" data-elementor-post-type=\"page\">\n\t\t\t\t<div class=\"elementor-element elementor-element-95f57e7 e-flex e-con-boxed e-con e-parent\" data-id=\"95f57e7\" data-element_type=\"container\" data-e-type=\"container\">\n\t\t\t\t\t<div class=\"e-con-inner\">\n\t\t\t\t<div class=\"elementor-element elementor-element-8d0bf01 elementor-widget elementor-widget-heading\" data-id=\"8d0bf01\" data-element_type=\"widget\" data-e-type=\"widget\" data-widget_type=\"heading.default\">\n\t\t\t\t\t<h1 class=\"elementor-heading-title elementor-size-default\">AGBs<\/h1>\t\t\t\t<\/div>\n\t\t\t\t<div class=\"elementor-element elementor-element-1d61160 elementor-widget elementor-widget-text-editor\" data-id=\"1d61160\" data-element_type=\"widget\" data-e-type=\"widget\" data-widget_type=\"text-editor.default\">\n\t\t\t\t\t\t\t\t\t<h2>1. Allgemeines<\/h2><p>F\u00fcr s\u00e4mtliche Rechtsgesch\u00e4fte zwischen Vedad Forto (im Folgenden Auftragnehmer) und seinen Kunden (im Folgenden Auftraggeber) gelten ausschlie\u00dflich die Allgemeinen Gesch\u00e4ftsbedingungen (im Folgenden AGBs).<br \/>Ma\u00dfgeblich ist die jeweils zum Zeitpunkt des Vertragsabschlusses g\u00fcltige Fassung. Mit einer verbindlichen Buchung zu einer Dienstleistung (Lebensberatung) \u00fcber www.forto-lebensberatung.de, telefonisch, per E-Mail oder Zusage eines schriftlichen Angebots erkl\u00e4rt sich der Auftraggeber mit den AGBs einverstanden.<\/p><h2>2. Leistung<\/h2><p>Der Inhalt und Umfang der Leistungen ergeben sich aus dem Vertrag oder sonstigen Leistungsbeschreibungen (Webseite, etc.). Inhaltliche und\/oder organisatorische Ver\u00e4nderungen der Leistungen durch den Auftragnehmer sind zul\u00e4ssig, sofern der Kern der vereinbarten Leistung nicht wesentlich ver\u00e4ndert wird.<\/p><h2>3. Buchung<\/h2><h4>3.1 Buchung der Dienstleistung<\/h4><p>Die Buchung von Dienstleistungen kann \u00fcber die auf www.forto-lebensberatung.de aufgef\u00fchrten Kan\u00e4le telefonisch, per E-Mail oder Kontaktformular erfolgen.<\/p><h4>3.2. Vertragsabschluss<\/h4><p>Vertragsabschl\u00fcsse kommen erst durch eine schriftliche Auftragsbest\u00e4tigung seitens des Auftragnehmers zustande. M\u00fcndliche Zusagen oder Nebenabreden erlangen erst durch schriftliche Best\u00e4tigung G\u00fcltigkeit.<\/p><h2>4. Kosten<\/h2><p>Es gelten die zum Zeitpunkt der Auftragsannahme jeweils g\u00fcltigen Preise laut Honorarinformation.<br \/>Die Dienstleistungen sind unmittelbar nach der Einheit in bar oder bei elektronischer \u00dcbermittlung der Rechnung sofort nach Erhalt der Rechnung zu begleichen. Die Kontodaten sind der Rechnung zu entnehmen.<\/p><h2>5. Stornobedingungen<\/h2><p>Vereinbarungen zu Terminen sind verbindlich. Diese k\u00f6nnen bis zu 48 Stunden vor dem Termin kostenlos storniert oder verschoben werden. Bei Stornierung unter 48 Stunden bis 24 Stunden vor dem Termin fallen 50%, danach 100% der vereinbarten Kosten an. Ausnahme sind akute Erkrankungen und Pflegeaufgaben.<\/p><h2>6. Arbeitsunterlagen, Urheberrecht, Copyright<\/h2><p>Die zur Verf\u00fcgung gestellten Unterlagen d\u00fcrfen nicht vervielf\u00e4ltigt, verbreitet und der \u00d6ffentlichkeit zug\u00e4nglich gemacht werden. Alle ver\u00f6ffentlichten Texte und Fotos auf www.forto-lebensberatung.de unterliegen dem Urheberrecht des Autors Vedad Forto, falls nicht anders angef\u00fchrt.<\/p><p>Jede Verwertung (Speicherung, Vervielf\u00e4ltigung, Verbreitung und Sendung) sind nur nach schriftlicher Genehmigung durch den Autor gestattet.<\/p><h2>7. Haftungsausschluss<\/h2><p>In keinem Setting und bei keiner Beratungsleistung werden L\u00f6sungen vorgegeben. Anweisungen und Ratschl\u00e4ge des Auftragnehmers sind immer als Vorschl\u00e4ge zu verstehen. Der Auftraggeber bleibt in vollem Umfang in der Eigenverantwortung und hat Entscheidungen selbst zu treffen. Er tr\u00e4gt die Verantwortung f\u00fcr m\u00f6gliche daraus entstehende Ver\u00e4nderungen jeder Art (Verhaltensweisen, pers\u00f6nliche Entwicklung, finanzielle Entscheidungen, Bewusstseinswandel, partnerschaftliche Entscheidungen, Berufswechsel, etc.).<br \/>F\u00fcr jedes Risiko, dass der Auftraggeber eingeht, haftet er allein. Sollte der Auftraggeber sich, anderen Personen oder Dingen Sch\u00e4den zuf\u00fcgen, gleich welcher Form, ist er f\u00fcr diese Sch\u00e4den selbst verantwortlich und stellt den Auftragnehmer und sein Unternehmen von allen Haftungsanspr\u00fcchen frei. Der Auftragnehmer \u00fcbernimmt keine Haftung f\u00fcr etwaige Sch\u00e4den aus der Verwendung der angebotenen Informationen.<\/p><h2>8. Datenschutz<\/h2><p>S\u00e4mtliche Informationen und Gespr\u00e4chsinhalte werden sowohl von dem Auftragnehmer als auch von dem Auftraggeber vertraulich behandelt und unterliegen der Verschwiegenheitspflicht, auch \u00fcber das Vertragsende hinaus.<br \/>Der Auftragsnehmer behandelt die Daten des Auftraggebers vertraulich. Es wird auf die Datenschutzerkl\u00e4rung auf www.forto-lebensberatung.de verwiesen.<\/p><h2>9. Sonstiges<\/h2><p>(1) Eine allf\u00e4llige Nichtigkeit oder Unwirksamkeit einer Bestimmung dieser Bedingungen ber\u00fchren nicht die G\u00fcltigkeit und Wirksamkeit der anderen Bestimmungen.<br \/>(2) Vereinbarungen, die von diesen Allgemeinen Gesch\u00e4ftsbedingungen abweichen, bed\u00fcrfen der Schriftform. Dies gilt auch f\u00fcr eine \u00c4nderung dieser Bestimmung.<br \/>(3) Gerichtsstand ist das sachlich und \u00f6rtlich zust\u00e4ndige Gericht.<br \/>(4) Die Vertragssprache ist Deutsch<\/p><p><br \/><em>Stand: M\u00e4rz 2024.<\/em><\/p>\t\t\t\t\t\t\t\t<\/div>\n\t\t\t\t\t<\/div>\n\t\t\t\t<\/div>\n\t\t\t\t<\/div>","protected":false},"excerpt":{"rendered":"<p>AGBs 1. Allgemeines F\u00fcr s\u00e4mtliche Rechtsgesch\u00e4fte zwischen Vedad Forto (im Folgenden Auftragnehmer) und seinen Kunden (im Folgenden Auftraggeber) gelten ausschlie\u00dflich die Allgemeinen Gesch\u00e4ftsbedingungen (im Folgenden AGBs).Ma\u00dfgeblich ist die jeweils zum Zeitpunkt des Vertragsabschlusses g\u00fcltige Fassung. Mit einer verbindlichen Buchung zu einer Dienstleistung (Lebensberatung) \u00fcber www.forto-lebensberatung.de, telefonisch, per E-Mail oder Zusage eines schriftlichen Angebots erkl\u00e4rt sich [&hellip;]<\/p>","protected":false},"author":1,"featured_media":0,"parent":0,"menu_order":0,"comment_status":"closed","ping_status":"closed","template":"","meta":{"footnotes":""},"class_list":["post-318","page","type-page","status-publish","hentry"],"yoast_head":"<!-- This site is optimized with the Yoast SEO plugin v26.9 - https:\/\/yoast.com\/product\/yoast-seo-wordpress\/ -->\n<title>AGB &#8212; Forto Lebensberatung<\/title>\n<meta name=\"description\" content=\"Lesen Sie meine Allgemeinen Gesch\u00e4ftsbedingungen, um mehr \u00fcber meine verbindlichen Vereinbarungen, Bedingungen und Regelungen zu erfahren. Informieren Sie sich \u00fcber Ihre Rechte und Pflichten als Nutzer meiner Dienste.\" \/>\n<meta name=\"robots\" content=\"index, follow, max-snippet:-1, max-image-preview:large, max-video-preview:-1\" \/>\n<link rel=\"canonical\" href=\"https:\/\/forto-lebensberatung.de\/bs\/agb\/\" \/>\n<meta property=\"og:locale\" content=\"bs_BA\" \/>\n<meta property=\"og:type\" content=\"article\" \/>\n<meta property=\"og:title\" content=\"AGB &#8212; Forto Lebensberatung\" \/>\n<meta property=\"og:description\" content=\"Lesen Sie meine Allgemeinen Gesch\u00e4ftsbedingungen, um mehr \u00fcber meine verbindlichen Vereinbarungen, Bedingungen und Regelungen zu erfahren. Informieren Sie sich \u00fcber Ihre Rechte und Pflichten als Nutzer meiner Dienste.\" \/>\n<meta property=\"og:url\" content=\"https:\/\/forto-lebensberatung.de\/bs\/agb\/\" \/>\n<meta property=\"og:site_name\" content=\"Forto Lebensberatung\" \/>\n<meta property=\"article:modified_time\" content=\"2024-02-17T22:29:19+00:00\" \/>\n<meta property=\"og:image\" content=\"https:\/\/forto-lebensberatung.de\/wp-content\/uploads\/2024\/02\/hero.jpg\" \/>\n\t<meta property=\"og:image:width\" content=\"2400\" \/>\n\t<meta property=\"og:image:height\" content=\"1800\" \/>\n\t<meta property=\"og:image:type\" content=\"image\/jpeg\" \/>\n<meta name=\"twitter:card\" content=\"summary_large_image\" \/>\n<meta name=\"twitter:label1\" content=\"Est. reading time\" \/>\n\t<meta name=\"twitter:data1\" content=\"3 minute\" \/>\n<script type=\"application\/ld+json\" class=\"yoast-schema-graph\">{\"@context\":\"https:\/\/schema.org\",\"@graph\":[{\"@type\":\"WebPage\",\"@id\":\"https:\/\/forto-lebensberatung.de\/de\/agb\/\",\"url\":\"https:\/\/forto-lebensberatung.de\/de\/agb\/\",\"name\":\"AGB &#8212; Forto Lebensberatung\",\"isPartOf\":{\"@id\":\"https:\/\/forto-lebensberatung.de\/de\/#website\"},\"datePublished\":\"2023-12-31T16:59:25+00:00\",\"dateModified\":\"2024-02-17T22:29:19+00:00\",\"description\":\"Lesen Sie meine Allgemeinen Gesch\u00e4ftsbedingungen, um mehr \u00fcber meine verbindlichen Vereinbarungen, Bedingungen und Regelungen zu erfahren. Informieren Sie sich \u00fcber Ihre Rechte und Pflichten als Nutzer meiner Dienste.\",\"breadcrumb\":{\"@id\":\"https:\/\/forto-lebensberatung.de\/de\/agb\/#breadcrumb\"},\"inLanguage\":\"bs-BA\",\"potentialAction\":[{\"@type\":\"ReadAction\",\"target\":[\"https:\/\/forto-lebensberatung.de\/de\/agb\/\"]}]},{\"@type\":\"BreadcrumbList\",\"@id\":\"https:\/\/forto-lebensberatung.de\/de\/agb\/#breadcrumb\",\"itemListElement\":[{\"@type\":\"ListItem\",\"position\":1,\"name\":\"Startseite\",\"item\":\"https:\/\/forto-lebensberatung.de\/de\/\"},{\"@type\":\"ListItem\",\"position\":2,\"name\":\"AGB\"}]},{\"@type\":\"WebSite\",\"@id\":\"https:\/\/forto-lebensberatung.de\/de\/#website\",\"url\":\"https:\/\/forto-lebensberatung.de\/de\/\",\"name\":\"Forto Lebensberatung\",\"description\":\"\",\"alternateName\":\"Vedad Forto Lebensberatung\",\"potentialAction\":[{\"@type\":\"SearchAction\",\"target\":{\"@type\":\"EntryPoint\",\"urlTemplate\":\"https:\/\/forto-lebensberatung.de\/de\/?s={search_term_string}\"},\"query-input\":{\"@type\":\"PropertyValueSpecification\",\"valueRequired\":true,\"valueName\":\"search_term_string\"}}],\"inLanguage\":\"bs-BA\"}]}<\/script>\n<!-- \/ Yoast SEO plugin. -->","yoast_head_json":{"title":"AGB &#8212; Forto Lebensberatung","description":"Lesen Sie meine Allgemeinen Gesch\u00e4ftsbedingungen, um mehr \u00fcber meine verbindlichen Vereinbarungen, Bedingungen und Regelungen zu erfahren. Informieren Sie sich \u00fcber Ihre Rechte und Pflichten als Nutzer meiner Dienste.","robots":{"index":"index","follow":"follow","max-snippet":"max-snippet:-1","max-image-preview":"max-image-preview:large","max-video-preview":"max-video-preview:-1"},"canonical":"https:\/\/forto-lebensberatung.de\/bs\/agb\/","og_locale":"bs_BA","og_type":"article","og_title":"AGB &#8212; Forto Lebensberatung","og_description":"Lesen Sie meine Allgemeinen Gesch\u00e4ftsbedingungen, um mehr \u00fcber meine verbindlichen Vereinbarungen, Bedingungen und Regelungen zu erfahren. Informieren Sie sich \u00fcber Ihre Rechte und Pflichten als Nutzer meiner Dienste.","og_url":"https:\/\/forto-lebensberatung.de\/bs\/agb\/","og_site_name":"Forto Lebensberatung","article_modified_time":"2024-02-17T22:29:19+00:00","og_image":[{"width":2400,"height":1800,"url":"https:\/\/forto-lebensberatung.de\/wp-content\/uploads\/2024\/02\/hero.jpg","type":"image\/jpeg"}],"twitter_card":"summary_large_image","twitter_misc":{"Est. reading time":"3 minute"},"schema":{"@context":"https:\/\/schema.org","@graph":[{"@type":"WebPage","@id":"https:\/\/forto-lebensberatung.de\/de\/agb\/","url":"https:\/\/forto-lebensberatung.de\/de\/agb\/","name":"AGB &#8212; Forto Lebensberatung","isPartOf":{"@id":"https:\/\/forto-lebensberatung.de\/de\/#website"},"datePublished":"2023-12-31T16:59:25+00:00","dateModified":"2024-02-17T22:29:19+00:00","description":"Lesen Sie meine Allgemeinen Gesch\u00e4ftsbedingungen, um mehr \u00fcber meine verbindlichen Vereinbarungen, Bedingungen und Regelungen zu erfahren. Informieren Sie sich \u00fcber Ihre Rechte und Pflichten als Nutzer meiner Dienste.","breadcrumb":{"@id":"https:\/\/forto-lebensberatung.de\/de\/agb\/#breadcrumb"},"inLanguage":"bs-BA","potentialAction":[{"@type":"ReadAction","target":["https:\/\/forto-lebensberatung.de\/de\/agb\/"]}]},{"@type":"BreadcrumbList","@id":"https:\/\/forto-lebensberatung.de\/de\/agb\/#breadcrumb","itemListElement":[{"@type":"ListItem","position":1,"name":"Startseite","item":"https:\/\/forto-lebensberatung.de\/de\/"},{"@type":"ListItem","position":2,"name":"AGB"}]},{"@type":"WebSite","@id":"https:\/\/forto-lebensberatung.de\/de\/#website","url":"https:\/\/forto-lebensberatung.de\/de\/","name":"Forto Lebensberatung","description":"","alternateName":"Vedad Forto Lebensberatung","potentialAction":[{"@type":"SearchAction","target":{"@type":"EntryPoint","urlTemplate":"https:\/\/forto-lebensberatung.de\/de\/?s={search_term_string}"},"query-input":{"@type":"PropertyValueSpecification","valueRequired":true,"valueName":"search_term_string"}}],"inLanguage":"bs-BA"}]}},"_links":{"self":[{"href":"https:\/\/forto-lebensberatung.de\/bs\/wp-json\/wp\/v2\/pages\/318","targetHints":{"allow":["GET"]}}],"collection":[{"href":"https:\/\/forto-lebensberatung.de\/bs\/wp-json\/wp\/v2\/pages"}],"about":[{"href":"https:\/\/forto-lebensberatung.de\/bs\/wp-json\/wp\/v2\/types\/page"}],"author":[{"embeddable":true,"href":"https:\/\/forto-lebensberatung.de\/bs\/wp-json\/wp\/v2\/users\/1"}],"replies":[{"embeddable":true,"href":"https:\/\/forto-lebensberatung.de\/bs\/wp-json\/wp\/v2\/comments?post=318"}],"version-history":[{"count":7,"href":"https:\/\/forto-lebensberatung.de\/bs\/wp-json\/wp\/v2\/pages\/318\/revisions"}],"predecessor-version":[{"id":362,"href":"https:\/\/forto-lebensberatung.de\/bs\/wp-json\/wp\/v2\/pages\/318\/revisions\/362"}],"wp:attachment":[{"href":"https:\/\/forto-lebensberatung.de\/bs\/wp-json\/wp\/v2\/media?parent=318"}],"curies":[{"name":"wp","href":"https:\/\/api.w.org\/{rel}","templated":true}]}}