{"id":95,"date":"2023-12-25T15:07:49","date_gmt":"2023-12-25T15:07:49","guid":{"rendered":"https:\/\/forto-lebensberatung.de\/?page_id=95"},"modified":"2024-02-17T22:14:46","modified_gmt":"2024-02-17T22:14:46","slug":"datenschutz","status":"publish","type":"page","link":"https:\/\/forto-lebensberatung.de\/bs\/datenschutz\/","title":{"rendered":"Datenschutz"},"content":{"rendered":"<div data-elementor-type=\"wp-page\" data-elementor-id=\"95\" class=\"elementor elementor-95\" data-elementor-post-type=\"page\">\n\t\t\t\t<div class=\"elementor-element elementor-element-c8b9057 e-flex e-con-boxed e-con e-parent\" data-id=\"c8b9057\" data-element_type=\"container\" data-e-type=\"container\">\n\t\t\t\t\t<div class=\"e-con-inner\">\n\t\t\t\t<div class=\"elementor-element elementor-element-4e063db elementor-widget elementor-widget-heading\" data-id=\"4e063db\" data-element_type=\"widget\" data-e-type=\"widget\" data-widget_type=\"heading.default\">\n\t\t\t\t\t<h1 class=\"elementor-heading-title elementor-size-default\">Datenschutz<\/h1>\t\t\t\t<\/div>\n\t\t\t\t<div class=\"elementor-element elementor-element-42fec58 elementor-widget elementor-widget-text-editor\" data-id=\"42fec58\" data-element_type=\"widget\" data-e-type=\"widget\" data-widget_type=\"text-editor.default\">\n\t\t\t\t\t\t\t\t\t<p>Verantwortlicher im Sinne der Datenschutzgesetze, insbesondere der EU-Datenschutzgrundverordnung (DSGVO), ist:<\/p><p><strong>Vedad Forto<\/strong><\/p><h2>Ihre Betroffenenrechte<\/h2><p>Unter den angegebenen Kontaktdaten unseres Datenschutzbeauftragten k\u00f6nnen Sie jederzeit folgende Rechte aus\u00fcben:<\/p><ul><li>Auskunft \u00fcber Ihre bei uns gespeicherten Daten und deren Verarbeitung (Art. 15 DSGVO),<\/li><li>Berichtigung unrichtiger personenbezogener Daten (Art. 16 DSGVO),<\/li><li>L\u00f6schung Ihrer bei uns gespeicherten Daten (Art. 17 DSGVO),<\/li><li>Einschr\u00e4nkung der Datenverarbeitung, sofern wir Ihre Daten aufgrund gesetzlicher Pflichten noch nicht l\u00f6schen d\u00fcrfen (Art. 18 DSGVO),<\/li><li>Widerspruch gegen die Verarbeitung Ihrer Daten bei uns (Art. 21 DSGVO) und<\/li><li>Daten\u00fcbertragbarkeit, sofern Sie in die Datenverarbeitung eingewilligt haben oder einen Vertrag mit uns abgeschlossen haben (Art. 20 DSGVO).<\/li><\/ul><div>\u00a0<\/div><p>Sofern Sie uns eine Einwilligung erteilt haben, k\u00f6nnen Sie diese jederzeit mit Wirkung f\u00fcr die Zukunft widerrufen.<\/p><p>Sie k\u00f6nnen sich jederzeit mit einer Beschwerde an eine Aufsichtsbeh\u00f6rde wenden, z. B. an die zust\u00e4ndige Aufsichtsbeh\u00f6rde des Bundeslands Ihres Wohnsitzes oder an die f\u00fcr uns als verantwortliche Stelle zust\u00e4ndige Beh\u00f6rde.<\/p><p>Eine Liste der Aufsichtsbeh\u00f6rden (f\u00fcr den nicht\u00f6ffentlichen Bereich) mit Anschrift finden Sie unter:\u00a0<a href=\"https:\/\/www.bfdi.bund.de\/DE\/Service\/Anschriften\/Laender\/Laender-node.html\" target=\"_blank\" rel=\"noopener nofollow\">https:\/\/www.bfdi.bund.de\/DE\/Service\/Anschriften\/Laender\/Laender-node.html<\/a>.<\/p><h2>Erfassung allgemeiner Informationen beim Besuch unserer Website<\/h2><h3>Art und Zweck der Verarbeitung:<\/h3><p>Wenn Sie auf unsere Website zugreifen, d.h., wenn Sie sich nicht registrieren oder anderweitig Informationen \u00fcbermitteln, werden automatisch Informationen allgemeiner Natur erfasst. Diese Informationen (Server-Logfiles) beinhalten etwa die Art des Webbrowsers, das verwendete Betriebssystem, den Domainnamen Ihres Internet-Service-Providers, Ihre IP-Adresse und \u00e4hnliches.<\/p><p>Sie werden insbesondere zu folgenden Zwecken verarbeitet:<\/p><ul><li>Sicherstellung eines problemlosen Verbindungsaufbaus der Website,<\/li><li>Sicherstellung einer reibungslosen Nutzung unserer Website,<\/li><li>Auswertung der Systemsicherheit und -stabilit\u00e4t sowie<\/li><li>zur Optimierung unserer Website.<\/li><\/ul><div>\u00a0<\/div><p>Wir verwenden Ihre Daten nicht, um R\u00fcckschl\u00fcsse auf Ihre Person zu ziehen. Informationen dieser Art werden von uns ggfs. anonymisiert statistisch ausgewertet, um unseren Internetauftritt und die dahinterstehende Technik zu optimieren.<\/p><h3>Rechtsgrundlage und berechtigtes Interesse:<\/h3><p>Die Verarbeitung erfolgt gem\u00e4\u00df Art. 6 Abs. 1 lit. f DSGVO auf Basis unseres berechtigten Interesses an der Verbesserung der Stabilit\u00e4t und Funktionalit\u00e4t unserer Website.<\/p><h3>Empf\u00e4nger:<\/h3><p>Empf\u00e4nger der Daten sind ggf. technische Dienstleister, die f\u00fcr den Betrieb und die Wartung unserer Webseite als Auftragsverarbeiter t\u00e4tig werden.<\/p><h3>Speicherdauer:<\/h3><p>Die Daten werden gel\u00f6scht, sobald diese f\u00fcr den Zweck der Erhebung nicht mehr erforderlich sind. Dies ist f\u00fcr die Daten, die der Bereitstellung der Website dienen, grunds\u00e4tzlich der Fall, wenn die jeweilige Sitzung beendet ist.<\/p><p>Im Falle der Speicherung der Daten in Logfiles ist dies nach sp\u00e4testens 7 Tagen der Fall. Eine dar\u00fcberhinausgehende Speicherung ist m\u00f6glich. In diesem Fall werden die IP-Adressen der Nutzer anonymisiert, sodass eine Zuordnung des aufrufenden Clients nicht mehr m\u00f6glich ist.<\/p><h3>Bereitstellung vorgeschrieben oder erforderlich:<\/h3><p>Die Bereitstellung der vorgenannten personenbezogenen Daten ist weder gesetzlich noch vertraglich vorgeschrieben. Ohne die IP-Adresse ist jedoch der Dienst und die Funktionsf\u00e4higkeit unserer Website nicht gew\u00e4hrleistet. Zudem k\u00f6nnen einzelne Dienste und Services nicht verf\u00fcgbar oder eingeschr\u00e4nkt sein. Aus diesem Grund ist ein Widerspruch ausgeschlossen.<\/p><h2>Cookies<\/h2><p>Wie viele andere Webseiten verwenden wir auch so genannte \u201eCookies\u201c. Bei Cookies handelt es sich um kleine Textdateien, die auf Ihrem Endger\u00e4t (Laptop, Tablet, Smartphone o.\u00e4.) gespeichert werden, wenn Sie unsere Webseite besuchen.<\/p><p>Sie k\u00f6nnen Sie einzelne Cookies oder den gesamten Cookie-Bestand l\u00f6schen. Dar\u00fcber hinaus erhalten Sie Informationen und Anleitungen, wie diese Cookies gel\u00f6scht oder deren Speicherung vorab blockiert werden k\u00f6nnen. Je nach Anbieter Ihres Browsers finden Sie die notwendigen Informationen unter den nachfolgenden Links:<\/p><ul><li>Mozilla Firefox:\u00a0<a href=\"https:\/\/support.mozilla.org\/de\/kb\/cookies-loeschen-daten-von-websites-entfernen\" target=\"_blank\" rel=\"nofollow noopener\">https:\/\/support.mozilla.org\/de\/kb\/cookies-loeschen-daten-von-websites-entfernen<\/a><\/li><li>Internet Explorer:\u00a0<a href=\"https:\/\/support.microsoft.com\/de-de\/help\/17442\/windows-internet-explorer-delete-manage-cookies\" target=\"_blank\" rel=\"nofollow noopener\">https:\/\/support.microsoft.com\/de-de\/help\/17442\/windows-internet-explorer-delete-manage-cookies<\/a><\/li><li>Google Chrome:\u00a0<a href=\"https:\/\/support.google.com\/accounts\/answer\/61416?hl=de\" target=\"_blank\" rel=\"nofollow noopener\">https:\/\/support.google.com\/accounts\/answer\/61416?hl=de<\/a><\/li><li>Opera:\u00a0<a href=\"http:\/\/www.opera.com\/de\/help\" target=\"_blank\" rel=\"nofollow noopener\">http:\/\/www.opera.com\/de\/help<\/a><\/li><li>Safari:\u00a0<a href=\"https:\/\/support.apple.com\/kb\/PH17191?locale=de_DE&amp;viewlocale=de_DE\" target=\"_blank\" rel=\"nofollow noopener\">https:\/\/support.apple.com\/kb\/PH17191?locale=de_DE&amp;viewlocale=de_DE<\/a><\/li><\/ul><h3>Speicherdauer und eingesetzte Cookies:<\/h3><p>Soweit Sie uns durch Ihre Browsereinstellungen oder Zustimmung die Verwendung von Cookies erlauben, k\u00f6nnen folgende Cookies auf unseren Webseiten zum Einsatz kommen:<\/p><p><strong>Name:<\/strong>\u00a0Borlabs Cookie<br \/><strong>Anbieter:<\/strong>\u00a0Eigent\u00fcmer dieser Website<br \/><strong>Zweck:<\/strong>\u00a0Speichert die Einstellungen der Besucher, die in der Cookie Box von Borlabs Cookie ausgew\u00e4hlt wurden.<br \/><strong>Cookie Name:<\/strong>\u00a0borlabs-cookie<br \/><strong>Cookie Laufzeit:<\/strong>\u00a01 Jahr<\/p><h2>Cookie-Einstellungen<\/h2><p><span class=\"code-example\"><a class=\"_brlbs-btn-cookie-preference borlabs-cookie-preference\" href=\"https:\/\/www.benjamin-buchenroth.de\/datenschutz\/#\">Hier geht es zu den Einstellungen<\/a><\/span><\/p><h2>Technisch notwendige Cookies<\/h2><h3>Art und Zweck der Verarbeitung:<\/h3><p>Wir setzen Cookies ein, um unsere Website nutzerfreundlicher zu gestalten. Einige Elemente unserer Internetseite erfordern es, dass der aufrufende Browser auch nach einem Seitenwechsel identifiziert werden kann.<\/p><p>Der Zweck der Verwendung technisch notwendiger Cookies ist, die Nutzung von Websites f\u00fcr die Nutzer zu vereinfachen. Einige Funktionen unserer Internetseite k\u00f6nnen ohne den Einsatz von Cookies nicht angeboten werden. F\u00fcr diese ist es erforderlich, dass der Browser auch nach einem Seitenwechsel wiedererkannt wird.<\/p><p>F\u00fcr folgende Anwendungen ben\u00f6tigen wir Cookies:<\/p><h3>Rechtsgrundlage und berechtigtes Interesse:<\/h3><p>Die Verarbeitung erfolgt gem\u00e4\u00df Art. 6 Abs. 1 lit. f DSGVO auf Basis unseres berechtigten Interesses an einer nutzerfreundlichen Gestaltung unserer Website.<\/p><h3>Empf\u00e4nger:<\/h3><p>Empf\u00e4nger der Daten sind ggf. technische Dienstleister, die f\u00fcr den Betrieb und die Wartung unserer Website als Auftragsverarbeiter t\u00e4tig werden.<\/p><h3>Bereitstellung vorgeschrieben oder erforderlich:<\/h3><p>Die Bereitstellung der vorgenannten personenbezogenen Daten ist weder gesetzlich noch vertraglich vorgeschrieben. Ohne diese Daten ist jedoch der Dienst und die Funktionsf\u00e4higkeit unserer Website nicht gew\u00e4hrleistet. Zudem k\u00f6nnen einzelne Dienste und Services nicht verf\u00fcgbar oder eingeschr\u00e4nkt sein.<\/p><h3>Widerspruch<\/h3><p>Lesen Sie dazu die Informationen \u00fcber Ihr Widerspruchsrecht nach Art. 21 DSGVO weiter unten.<\/p><h2>Kontaktformular<\/h2><h3>Art und Zweck der Verarbeitung:<\/h3><p>Die von Ihnen eingegebenen Daten werden zum Zweck der individuellen Kommunikation mit Ihnen gespeichert. Hierf\u00fcr ist die Angabe einer validen E-Mail-Adresse sowie Ihres Namens erforderlich. Diese dient der Zuordnung der Anfrage und der anschlie\u00dfenden Beantwortung derselben. Die Angabe weiterer Daten ist optional.<\/p><h3>Rechtsgrundlage:<\/h3><p>Die Verarbeitung der in das Kontaktformular eingegebenen Daten erfolgt auf der Grundlage eines berechtigten Interesses (Art. 6 Abs. 1 lit. f DSGVO).<\/p><p>Durch Bereitstellung des Kontaktformulars m\u00f6chten wir Ihnen eine unkomplizierte Kontaktaufnahme erm\u00f6glichen. Ihre gemachten Angaben werden zum Zwecke der Bearbeitung der Anfrage sowie f\u00fcr m\u00f6gliche Anschlussfragen gespeichert.<\/p><p>Sofern Sie mit uns Kontakt aufnehmen, um ein Angebot zu erfragen, erfolgt die Verarbeitung der in das Kontaktformular eingegebenen Daten zur Durchf\u00fchrung vorvertraglicher Ma\u00dfnahmen (Art. 6 Abs. 1 lit. b DSGVO).<\/p><h3>Empf\u00e4nger:<\/h3><p>Empf\u00e4nger der Daten sind ggf. Auftragsverarbeiter.<\/p><h3>Speicherdauer:<\/h3><p>Daten werden sp\u00e4testens 6 Monate nach Bearbeitung der Anfrage gel\u00f6scht.<\/p><p>Sofern es zu einem Vertragsverh\u00e4ltnis kommt, unterliegen wir den gesetzlichen Aufbewahrungsfristen nach HGB und l\u00f6schen Ihre Daten nach Ablauf dieser Fristen.<\/p><h3>Bereitstellung vorgeschrieben oder erforderlich:<\/h3><p>Die Bereitstellung Ihrer personenbezogenen Daten erfolgt freiwillig. Wir k\u00f6nnen Ihre Anfrage jedoch nur bearbeiten, sofern Sie uns Ihren Namen, Ihre E-Mail-Adresse und den Grund der Anfrage mitteilen.<\/p><h2>Verwendung von Scriptbibliotheken (Google Webfonts)<\/h2><p>Um unsere Inhalte browser\u00fcbergreifend korrekt und grafisch ansprechend darzustellen, verwenden wir auf dieser Website \u201eGoogle Web Fonts\u201c der Google LLC (1600 Amphitheatre Parkway, Mountain View, CA 94043, USA; nachfolgend \u201eGoogle\u201c) zur Darstellung von Schriften.<\/p><p>Weitere Informationen zu Google Web Fonts finden Sie unter\u00a0<a href=\"https:\/\/developers.google.com\/fonts\/faq\" target=\"_blank\" rel=\"noopener nofollow\">https:\/\/developers.google.com\/fonts\/faq<\/a>\u00a0und in der Datenschutzerkl\u00e4rung von Google:\u00a0<a href=\"https:\/\/www.google.com\/policies\/privacy\/\" target=\"_blank\" rel=\"noopener nofollow\">https:\/\/www.google.com\/policies\/privacy\/<\/a>.<\/p><h3><span style=\"color: inherit; font-family: inherit; font-size: 2rem;\">SSL-Verschl\u00fcsselung<\/span><\/h3><p>Um die Sicherheit Ihrer Daten bei der \u00dcbertragung zu sch\u00fctzen, verwenden wir dem aktuellen Stand der Technik entsprechende Verschl\u00fcsselungsverfahren (z. B. SSL) \u00fcber HTTPS.<\/p><hr \/><h2>Information \u00fcber Ihr Widerspruchsrecht nach Art. 21 DSGVO<\/h2><h3>Einzelfallbezogenes Widerspruchsrecht<\/h3><p>Sie haben das Recht, aus Gr\u00fcnden, die sich aus Ihrer besonderen Situation ergeben, jederzeit gegen die Verarbeitung Sie betreffender personenbezogener Daten, die aufgrund Art. 6 Abs. 1 lit. f DSGVO (Datenverarbeitung auf der Grundlage einer Interessenabw\u00e4gung) erfolgt, Widerspruch einzulegen; dies gilt auch f\u00fcr ein auf diese Bestimmung gest\u00fctztes Profiling im Sinne von Art. 4 Nr. 4 DSGVO.<\/p><p>Legen Sie Widerspruch ein, werden wir Ihre personenbezogenen Daten nicht mehr verarbeiten, es sei denn, wir k\u00f6nnen zwingende schutzw\u00fcrdige Gr\u00fcnde f\u00fcr die Verarbeitung nachweisen, die Ihre Interessen, Rechte und Freiheiten \u00fcberwiegen, oder die Verarbeitung dient der Geltendmachung, Aus\u00fcbung oder Verteidigung von Rechtsanspr\u00fcchen.<\/p><h3>Empf\u00e4nger eines Widerspruchs<\/h3><p>Vedad Forto<br \/>Im Gr\u00fcn 54D<br \/>77815 B\u00fchl<br \/><strong>Telefon:<\/strong> 01575 4407 638<br \/><strong>E-Mail:<\/strong>\u00a0info@forto-lebensberatung.de<\/p><hr \/><h2>\u00c4nderung unserer Datenschutzbestimmungen<\/h2><p>Wir behalten uns vor, diese Datenschutzerkl\u00e4rung anzupassen, damit sie stets den aktuellen rechtlichen Anforderungen entspricht oder um \u00c4nderungen unserer Leistungen in der Datenschutzerkl\u00e4rung umzusetzen, z.B. bei der Einf\u00fchrung neuer Services. F\u00fcr Ihren erneuten Besuch gilt dann die neue Datenschutzerkl\u00e4rung.<\/p><h2>Fragen an den Datenschutzbeauftragten<\/h2><p>Wenn Sie Fragen zum Datenschutz haben, schreiben Sie uns bitte eine E-Mail oder wenden Sie sich direkt an die f\u00fcr den Datenschutz verantwortliche Person in unserer Organisation:<\/p><p><strong>E-Mail: <\/strong>info@forto-lebensberatung.de<\/p>\t\t\t\t\t\t\t\t<\/div>\n\t\t\t\t\t<\/div>\n\t\t\t\t<\/div>\n\t\t\t\t<\/div>","protected":false},"excerpt":{"rendered":"<p>Datenschutz Verantwortlicher im Sinne der Datenschutzgesetze, insbesondere der EU-Datenschutzgrundverordnung (DSGVO), ist: Vedad Forto Ihre Betroffenenrechte Unter den angegebenen Kontaktdaten unseres Datenschutzbeauftragten k\u00f6nnen Sie jederzeit folgende Rechte aus\u00fcben: Auskunft \u00fcber Ihre bei uns gespeicherten Daten und deren Verarbeitung (Art. 15 DSGVO), Berichtigung unrichtiger personenbezogener Daten (Art. 16 DSGVO), L\u00f6schung Ihrer bei uns gespeicherten Daten (Art. 17 [&hellip;]<\/p>","protected":false},"author":1,"featured_media":0,"parent":0,"menu_order":0,"comment_status":"closed","ping_status":"closed","template":"","meta":{"footnotes":""},"class_list":["post-95","page","type-page","status-publish","hentry"],"yoast_head":"<!-- This site is optimized with the Yoast SEO plugin v26.9 - https:\/\/yoast.com\/product\/yoast-seo-wordpress\/ -->\n<title>Datenschutz &#8212; Forto Lebensberatung<\/title>\n<meta name=\"description\" content=\"Erfahren Sie mehr dar\u00fcber, wie wir Ihre pers\u00f6nlichen Daten sch\u00fctzen und welche Ma\u00dfnahmen wir ergreifen, um Ihre Privatsph\u00e4re zu wahren. Lesen Sie meine Datenschutzrichtlinien und erfahren Sie, wie ich Ihre Daten sicher und vertraulich behandel.\" \/>\n<meta name=\"robots\" content=\"index, follow, max-snippet:-1, max-image-preview:large, max-video-preview:-1\" \/>\n<link rel=\"canonical\" href=\"https:\/\/forto-lebensberatung.de\/bs\/datenschutz\/\" \/>\n<meta property=\"og:locale\" content=\"bs_BA\" \/>\n<meta property=\"og:type\" content=\"article\" \/>\n<meta property=\"og:title\" content=\"Datenschutz &#8212; Forto Lebensberatung\" \/>\n<meta property=\"og:description\" content=\"Erfahren Sie mehr dar\u00fcber, wie wir Ihre pers\u00f6nlichen Daten sch\u00fctzen und welche Ma\u00dfnahmen wir ergreifen, um Ihre Privatsph\u00e4re zu wahren. Lesen Sie meine Datenschutzrichtlinien und erfahren Sie, wie ich Ihre Daten sicher und vertraulich behandel.\" \/>\n<meta property=\"og:url\" content=\"https:\/\/forto-lebensberatung.de\/bs\/datenschutz\/\" \/>\n<meta property=\"og:site_name\" content=\"Forto Lebensberatung\" \/>\n<meta property=\"article:modified_time\" content=\"2024-02-17T22:14:46+00:00\" \/>\n<meta property=\"og:image\" content=\"https:\/\/forto-lebensberatung.de\/wp-content\/uploads\/2024\/02\/hero.jpg\" \/>\n\t<meta property=\"og:image:width\" content=\"2400\" \/>\n\t<meta property=\"og:image:height\" content=\"1800\" \/>\n\t<meta property=\"og:image:type\" content=\"image\/jpeg\" \/>\n<meta name=\"twitter:card\" content=\"summary_large_image\" \/>\n<meta name=\"twitter:label1\" content=\"Est. reading time\" \/>\n\t<meta name=\"twitter:data1\" content=\"8 minuta\" \/>\n<script type=\"application\/ld+json\" class=\"yoast-schema-graph\">{\"@context\":\"https:\/\/schema.org\",\"@graph\":[{\"@type\":\"WebPage\",\"@id\":\"https:\/\/forto-lebensberatung.de\/de\/datenschutz\/\",\"url\":\"https:\/\/forto-lebensberatung.de\/de\/datenschutz\/\",\"name\":\"Datenschutz &#8212; Forto Lebensberatung\",\"isPartOf\":{\"@id\":\"https:\/\/forto-lebensberatung.de\/de\/#website\"},\"datePublished\":\"2023-12-25T15:07:49+00:00\",\"dateModified\":\"2024-02-17T22:14:46+00:00\",\"description\":\"Erfahren Sie mehr dar\u00fcber, wie wir Ihre pers\u00f6nlichen Daten sch\u00fctzen und welche Ma\u00dfnahmen wir ergreifen, um Ihre Privatsph\u00e4re zu wahren. Lesen Sie meine Datenschutzrichtlinien und erfahren Sie, wie ich Ihre Daten sicher und vertraulich behandel.\",\"breadcrumb\":{\"@id\":\"https:\/\/forto-lebensberatung.de\/de\/datenschutz\/#breadcrumb\"},\"inLanguage\":\"bs-BA\",\"potentialAction\":[{\"@type\":\"ReadAction\",\"target\":[\"https:\/\/forto-lebensberatung.de\/de\/datenschutz\/\"]}]},{\"@type\":\"BreadcrumbList\",\"@id\":\"https:\/\/forto-lebensberatung.de\/de\/datenschutz\/#breadcrumb\",\"itemListElement\":[{\"@type\":\"ListItem\",\"position\":1,\"name\":\"Startseite\",\"item\":\"https:\/\/forto-lebensberatung.de\/de\/\"},{\"@type\":\"ListItem\",\"position\":2,\"name\":\"Datenschutz\"}]},{\"@type\":\"WebSite\",\"@id\":\"https:\/\/forto-lebensberatung.de\/de\/#website\",\"url\":\"https:\/\/forto-lebensberatung.de\/de\/\",\"name\":\"Forto Lebensberatung\",\"description\":\"\",\"alternateName\":\"Vedad Forto Lebensberatung\",\"potentialAction\":[{\"@type\":\"SearchAction\",\"target\":{\"@type\":\"EntryPoint\",\"urlTemplate\":\"https:\/\/forto-lebensberatung.de\/de\/?s={search_term_string}\"},\"query-input\":{\"@type\":\"PropertyValueSpecification\",\"valueRequired\":true,\"valueName\":\"search_term_string\"}}],\"inLanguage\":\"bs-BA\"}]}<\/script>\n<!-- \/ Yoast SEO plugin. -->","yoast_head_json":{"title":"Datenschutz &#8212; Forto Lebensberatung","description":"Erfahren Sie mehr dar\u00fcber, wie wir Ihre pers\u00f6nlichen Daten sch\u00fctzen und welche Ma\u00dfnahmen wir ergreifen, um Ihre Privatsph\u00e4re zu wahren. Lesen Sie meine Datenschutzrichtlinien und erfahren Sie, wie ich Ihre Daten sicher und vertraulich behandel.","robots":{"index":"index","follow":"follow","max-snippet":"max-snippet:-1","max-image-preview":"max-image-preview:large","max-video-preview":"max-video-preview:-1"},"canonical":"https:\/\/forto-lebensberatung.de\/bs\/datenschutz\/","og_locale":"bs_BA","og_type":"article","og_title":"Datenschutz &#8212; Forto Lebensberatung","og_description":"Erfahren Sie mehr dar\u00fcber, wie wir Ihre pers\u00f6nlichen Daten sch\u00fctzen und welche Ma\u00dfnahmen wir ergreifen, um Ihre Privatsph\u00e4re zu wahren. Lesen Sie meine Datenschutzrichtlinien und erfahren Sie, wie ich Ihre Daten sicher und vertraulich behandel.","og_url":"https:\/\/forto-lebensberatung.de\/bs\/datenschutz\/","og_site_name":"Forto Lebensberatung","article_modified_time":"2024-02-17T22:14:46+00:00","og_image":[{"width":2400,"height":1800,"url":"https:\/\/forto-lebensberatung.de\/wp-content\/uploads\/2024\/02\/hero.jpg","type":"image\/jpeg"}],"twitter_card":"summary_large_image","twitter_misc":{"Est. reading time":"8 minuta"},"schema":{"@context":"https:\/\/schema.org","@graph":[{"@type":"WebPage","@id":"https:\/\/forto-lebensberatung.de\/de\/datenschutz\/","url":"https:\/\/forto-lebensberatung.de\/de\/datenschutz\/","name":"Datenschutz &#8212; Forto Lebensberatung","isPartOf":{"@id":"https:\/\/forto-lebensberatung.de\/de\/#website"},"datePublished":"2023-12-25T15:07:49+00:00","dateModified":"2024-02-17T22:14:46+00:00","description":"Erfahren Sie mehr dar\u00fcber, wie wir Ihre pers\u00f6nlichen Daten sch\u00fctzen und welche Ma\u00dfnahmen wir ergreifen, um Ihre Privatsph\u00e4re zu wahren. Lesen Sie meine Datenschutzrichtlinien und erfahren Sie, wie ich Ihre Daten sicher und vertraulich behandel.","breadcrumb":{"@id":"https:\/\/forto-lebensberatung.de\/de\/datenschutz\/#breadcrumb"},"inLanguage":"bs-BA","potentialAction":[{"@type":"ReadAction","target":["https:\/\/forto-lebensberatung.de\/de\/datenschutz\/"]}]},{"@type":"BreadcrumbList","@id":"https:\/\/forto-lebensberatung.de\/de\/datenschutz\/#breadcrumb","itemListElement":[{"@type":"ListItem","position":1,"name":"Startseite","item":"https:\/\/forto-lebensberatung.de\/de\/"},{"@type":"ListItem","position":2,"name":"Datenschutz"}]},{"@type":"WebSite","@id":"https:\/\/forto-lebensberatung.de\/de\/#website","url":"https:\/\/forto-lebensberatung.de\/de\/","name":"Forto Lebensberatung","description":"","alternateName":"Vedad Forto Lebensberatung","potentialAction":[{"@type":"SearchAction","target":{"@type":"EntryPoint","urlTemplate":"https:\/\/forto-lebensberatung.de\/de\/?s={search_term_string}"},"query-input":{"@type":"PropertyValueSpecification","valueRequired":true,"valueName":"search_term_string"}}],"inLanguage":"bs-BA"}]}},"_links":{"self":[{"href":"https:\/\/forto-lebensberatung.de\/bs\/wp-json\/wp\/v2\/pages\/95","targetHints":{"allow":["GET"]}}],"collection":[{"href":"https:\/\/forto-lebensberatung.de\/bs\/wp-json\/wp\/v2\/pages"}],"about":[{"href":"https:\/\/forto-lebensberatung.de\/bs\/wp-json\/wp\/v2\/types\/page"}],"author":[{"embeddable":true,"href":"https:\/\/forto-lebensberatung.de\/bs\/wp-json\/wp\/v2\/users\/1"}],"replies":[{"embeddable":true,"href":"https:\/\/forto-lebensberatung.de\/bs\/wp-json\/wp\/v2\/comments?post=95"}],"version-history":[{"count":10,"href":"https:\/\/forto-lebensberatung.de\/bs\/wp-json\/wp\/v2\/pages\/95\/revisions"}],"predecessor-version":[{"id":297,"href":"https:\/\/forto-lebensberatung.de\/bs\/wp-json\/wp\/v2\/pages\/95\/revisions\/297"}],"wp:attachment":[{"href":"https:\/\/forto-lebensberatung.de\/bs\/wp-json\/wp\/v2\/media?parent=95"}],"curies":[{"name":"wp","href":"https:\/\/api.w.org\/{rel}","templated":true}]}}