{"id":10,"date":"2023-12-24T14:19:24","date_gmt":"2023-12-24T14:19:24","guid":{"rendered":"https:\/\/forto-lebensberatung.de\/?page_id=10"},"modified":"2024-02-17T22:13:11","modified_gmt":"2024-02-17T22:13:11","slug":"startseite","status":"publish","type":"page","link":"https:\/\/forto-lebensberatung.de\/de\/","title":{"rendered":"Startseite"},"content":{"rendered":"\t\t<div data-elementor-type=\"wp-page\" data-elementor-id=\"10\" class=\"elementor elementor-10\" data-elementor-post-type=\"page\">\n\t\t\t\t<div class=\"elementor-element elementor-element-3a2a1aa e-flex e-con-boxed e-con e-parent\" data-id=\"3a2a1aa\" data-element_type=\"container\" data-e-type=\"container\" data-settings=\"{&quot;background_background&quot;:&quot;classic&quot;}\">\n\t\t\t\t\t<div class=\"e-con-inner\">\n\t\t<div class=\"elementor-element elementor-element-fdae8e0 e-con-full e-flex e-con e-child\" data-id=\"fdae8e0\" data-element_type=\"container\" data-e-type=\"container\">\n\t\t\t\t<div class=\"elementor-element elementor-element-ec04da4 elementor-widget elementor-widget-heading\" data-id=\"ec04da4\" data-element_type=\"widget\" data-e-type=\"widget\" data-widget_type=\"heading.default\">\n\t\t\t\t\t<h1 class=\"elementor-heading-title elementor-size-default\">Wege finden, <br>Leben in Deutschland gestalten\n<\/h1>\t\t\t\t<\/div>\n\t\t\t\t<div class=\"elementor-element elementor-element-e9399fd elementor-widget elementor-widget-heading\" data-id=\"e9399fd\" data-element_type=\"widget\" data-e-type=\"widget\" data-widget_type=\"heading.default\">\n\t\t\t\t\t<p class=\"elementor-heading-title elementor-size-default\">Ich berate insbesondere Menschen aus dem Westbalkan, die sich in Deutschland ein neues Leben aufbauen. Aus eigener Erfahrung wei\u00df ich, mit welchen Schwierigkeiten und Herausforderungen dies verbunden sein kann \u2014 und wie wichtig gute Beratung und Unterst\u00fctzung sind. Hierf\u00fcr bin ich Ihr Ansprechpartner. Ich begleite Sie als Lebensberater individuell und alltagsnah durch Ihren Neubeginn in Deutschland.<\/p>\t\t\t\t<\/div>\n\t\t\t\t<div class=\"elementor-element elementor-element-f8b05aa elementor-view-default elementor-widget elementor-widget-icon\" data-id=\"f8b05aa\" data-element_type=\"widget\" data-e-type=\"widget\" data-widget_type=\"icon.default\">\n\t\t\t\t\t\t\t<div class=\"elementor-icon-wrapper\">\n\t\t\t<a class=\"elementor-icon\" href=\"#leistungen\">\n\t\t\t<svg aria-hidden=\"true\" class=\"e-font-icon-svg e-far-arrow-alt-circle-down\" viewBox=\"0 0 512 512\" xmlns=\"http:\/\/www.w3.org\/2000\/svg\"><path d=\"M256 8C119 8 8 119 8 256s111 248 248 248 248-111 248-248S393 8 256 8zm0 448c-110.5 0-200-89.5-200-200S145.5 56 256 56s200 89.5 200 200-89.5 200-200 200zm-32-316v116h-67c-10.7 0-16 12.9-8.5 20.5l99 99c4.7 4.7 12.3 4.7 17 0l99-99c7.6-7.6 2.2-20.5-8.5-20.5h-67V140c0-6.6-5.4-12-12-12h-40c-6.6 0-12 5.4-12 12z\"><\/path><\/svg>\t\t\t<\/a>\n\t\t<\/div>\n\t\t\t\t\t\t<\/div>\n\t\t\t\t<\/div>\n\t\t\t\t\t<\/div>\n\t\t\t\t<\/div>\n\t\t<div class=\"elementor-element elementor-element-def8724 e-flex e-con-boxed e-con e-parent\" data-id=\"def8724\" data-element_type=\"container\" data-e-type=\"container\" data-settings=\"{&quot;background_background&quot;:&quot;classic&quot;}\">\n\t\t\t\t\t<div class=\"e-con-inner\">\n\t\t\t\t<div class=\"elementor-element elementor-element-bd54352 sprung elementor-widget elementor-widget-menu-anchor\" data-id=\"bd54352\" data-element_type=\"widget\" data-e-type=\"widget\" data-widget_type=\"menu-anchor.default\">\n\t\t\t\t\t\t\t<div class=\"elementor-menu-anchor\" id=\"leistungen\"><\/div>\n\t\t\t\t\t\t<\/div>\n\t\t\t\t<div class=\"elementor-element elementor-element-f6351b8 elementor-widget elementor-widget-heading\" data-id=\"f6351b8\" data-element_type=\"widget\" data-e-type=\"widget\" data-widget_type=\"heading.default\">\n\t\t\t\t\t<h2 class=\"elementor-heading-title elementor-size-default\">Lebensberatung<\/h2>\t\t\t\t<\/div>\n\t\t\t\t<div class=\"elementor-element elementor-element-a5765d6 elementor-widget elementor-widget-text-editor\" data-id=\"a5765d6\" data-element_type=\"widget\" data-e-type=\"widget\" data-widget_type=\"text-editor.default\">\n\t\t\t\t\t\t\t\t\t<p>Sie haben den Schritt in ein neues Leben gemacht, aber es gibt Herausforderungen, die bew\u00e4ltigt werden m\u00fcssen. Ich unterst\u00fctze Sie bei:<\/p>\t\t\t\t\t\t\t\t<\/div>\n\t\t<div class=\"elementor-element elementor-element-893ac6e e-con-full e-flex e-con e-child\" data-id=\"893ac6e\" data-element_type=\"container\" data-e-type=\"container\">\n\t\t<div class=\"elementor-element elementor-element-d16b4b7 e-con-full e-flex e-con e-child\" data-id=\"d16b4b7\" data-element_type=\"container\" data-e-type=\"container\" data-settings=\"{&quot;background_background&quot;:&quot;classic&quot;}\">\n\t\t\t\t<div class=\"elementor-element elementor-element-c8e95a4 elementor-widget elementor-widget-heading\" data-id=\"c8e95a4\" data-element_type=\"widget\" data-e-type=\"widget\" data-widget_type=\"heading.default\">\n\t\t\t\t\t<h3 class=\"elementor-heading-title elementor-size-default\">Lebensf\u00fchrung<\/h3>\t\t\t\t<\/div>\n\t\t\t\t<\/div>\n\t\t<div class=\"elementor-element elementor-element-930948b e-con-full e-flex e-con e-child\" data-id=\"930948b\" data-element_type=\"container\" data-e-type=\"container\" data-settings=\"{&quot;background_background&quot;:&quot;classic&quot;}\">\n\t\t\t\t<div class=\"elementor-element elementor-element-8f91840 elementor-widget elementor-widget-heading\" data-id=\"8f91840\" data-element_type=\"widget\" data-e-type=\"widget\" data-widget_type=\"heading.default\">\n\t\t\t\t\t<h3 class=\"elementor-heading-title elementor-size-default\">Arbeit<\/h3>\t\t\t\t<\/div>\n\t\t\t\t<\/div>\n\t\t<div class=\"elementor-element elementor-element-bc259d1 e-con-full e-flex e-con e-child\" data-id=\"bc259d1\" data-element_type=\"container\" data-e-type=\"container\" data-settings=\"{&quot;background_background&quot;:&quot;classic&quot;}\">\n\t\t\t\t<div class=\"elementor-element elementor-element-168ca6a elementor-widget elementor-widget-heading\" data-id=\"168ca6a\" data-element_type=\"widget\" data-e-type=\"widget\" data-widget_type=\"heading.default\">\n\t\t\t\t\t<h3 class=\"elementor-heading-title elementor-size-default\">Familie<\/h3>\t\t\t\t<\/div>\n\t\t\t\t<\/div>\n\t\t<div class=\"elementor-element elementor-element-a33cd99 e-con-full e-flex e-con e-child\" data-id=\"a33cd99\" data-element_type=\"container\" data-e-type=\"container\" data-settings=\"{&quot;background_background&quot;:&quot;classic&quot;}\">\n\t\t\t\t<div class=\"elementor-element elementor-element-fe9f65e elementor-widget elementor-widget-heading\" data-id=\"fe9f65e\" data-element_type=\"widget\" data-e-type=\"widget\" data-widget_type=\"heading.default\">\n\t\t\t\t\t<h3 class=\"elementor-heading-title elementor-size-default\">Finanzen<\/h3>\t\t\t\t<\/div>\n\t\t\t\t<\/div>\n\t\t<div class=\"elementor-element elementor-element-5d539df e-con-full e-flex e-con e-child\" data-id=\"5d539df\" data-element_type=\"container\" data-e-type=\"container\" data-settings=\"{&quot;background_background&quot;:&quot;classic&quot;}\">\n\t\t\t\t<div class=\"elementor-element elementor-element-a851d2f elementor-widget elementor-widget-heading\" data-id=\"a851d2f\" data-element_type=\"widget\" data-e-type=\"widget\" data-widget_type=\"heading.default\">\n\t\t\t\t\t<h3 class=\"elementor-heading-title elementor-size-default\">Wohnen<\/h3>\t\t\t\t<\/div>\n\t\t\t\t<\/div>\n\t\t\t\t<\/div>\n\t\t\t\t<div class=\"elementor-element elementor-element-d5c028e elementor-align-left elementor-widget elementor-widget-button\" data-id=\"d5c028e\" data-element_type=\"widget\" data-e-type=\"widget\" data-widget_type=\"button.default\">\n\t\t\t\t\t\t\t\t\t\t<a class=\"elementor-button elementor-button-link elementor-size-lg\" href=\"#kontakt\">\n\t\t\t\t\t\t<span class=\"elementor-button-content-wrapper\">\n\t\t\t\t\t\t\t\t\t<span class=\"elementor-button-text\">Kontaktieren Sie mich<\/span>\n\t\t\t\t\t<\/span>\n\t\t\t\t\t<\/a>\n\t\t\t\t\t\t\t\t<\/div>\n\t\t\t\t\t<\/div>\n\t\t\t\t<\/div>\n\t\t<div class=\"elementor-element elementor-element-74ad8b9 e-flex e-con-boxed e-con e-parent\" data-id=\"74ad8b9\" data-element_type=\"container\" data-e-type=\"container\">\n\t\t\t\t\t<div class=\"e-con-inner\">\n\t\t<div class=\"elementor-element elementor-element-6f86db2 e-con-full e-flex e-con e-child\" data-id=\"6f86db2\" data-element_type=\"container\" data-e-type=\"container\">\n\t\t\t\t<div class=\"elementor-element elementor-element-74553b1 elementor-widget__width-initial elementor-widget elementor-widget-image\" data-id=\"74553b1\" data-element_type=\"widget\" data-e-type=\"widget\" data-widget_type=\"image.default\">\n\t\t\t\t\t\t\t\t\t\t\t\t\t\t\t<img fetchpriority=\"high\" decoding=\"async\" width=\"800\" height=\"800\" src=\"https:\/\/forto-lebensberatung.de\/wp-content\/uploads\/2024\/02\/portrait.jpg\" class=\"attachment-large size-large wp-image-343\" alt=\"Vedad Forto - Lebensberatung\" srcset=\"https:\/\/forto-lebensberatung.de\/wp-content\/uploads\/2024\/02\/portrait.jpg 823w, https:\/\/forto-lebensberatung.de\/wp-content\/uploads\/2024\/02\/portrait-300x300.jpg 300w, https:\/\/forto-lebensberatung.de\/wp-content\/uploads\/2024\/02\/portrait-150x150.jpg 150w, https:\/\/forto-lebensberatung.de\/wp-content\/uploads\/2024\/02\/portrait-768x768.jpg 768w, https:\/\/forto-lebensberatung.de\/wp-content\/uploads\/2024\/02\/portrait-12x12.jpg 12w\" sizes=\"(max-width: 800px) 100vw, 800px\" \/>\t\t\t\t\t\t\t\t\t\t\t\t\t\t\t<\/div>\n\t\t\t\t<\/div>\n\t\t\t\t<div class=\"elementor-element elementor-element-8f36f04 sprung elementor-widget elementor-widget-menu-anchor\" data-id=\"8f36f04\" data-element_type=\"widget\" data-e-type=\"widget\" data-widget_type=\"menu-anchor.default\">\n\t\t\t\t\t\t\t<div class=\"elementor-menu-anchor\" id=\"kontakt\"><\/div>\n\t\t\t\t\t\t<\/div>\n\t\t<div class=\"elementor-element elementor-element-8a891ea e-con-full e-flex e-con e-child\" data-id=\"8a891ea\" data-element_type=\"container\" data-e-type=\"container\">\n\t\t\t\t<div class=\"elementor-element elementor-element-683f180 elementor-widget elementor-widget-heading\" data-id=\"683f180\" data-element_type=\"widget\" data-e-type=\"widget\" data-widget_type=\"heading.default\">\n\t\t\t\t\t<h2 class=\"elementor-heading-title elementor-size-default\">Lassen Sie uns in Kontakt treten \u2026<\/h2>\t\t\t\t<\/div>\n\t\t\t\t<div class=\"elementor-element elementor-element-ff38dce elementor-widget elementor-widget-text-editor\" data-id=\"ff38dce\" data-element_type=\"widget\" data-e-type=\"widget\" data-widget_type=\"text-editor.default\">\n\t\t\t\t\t\t\t\t\t<p>F\u00fcr alle Fragen und Beratungsanfragen stehe ich Ihnen gerne zur Verf\u00fcgung. Kontaktieren Sie mich und lassen Sie uns gemeinsam L\u00f6sungen finden.<\/p>\t\t\t\t\t\t\t\t<\/div>\n\t\t\t\t<div class=\"elementor-element elementor-element-c06621a elementor-icon-list--layout-traditional elementor-list-item-link-full_width elementor-widget elementor-widget-icon-list\" data-id=\"c06621a\" data-element_type=\"widget\" data-e-type=\"widget\" data-widget_type=\"icon-list.default\">\n\t\t\t\t\t\t\t<ul class=\"elementor-icon-list-items\">\n\t\t\t\t\t\t\t<li class=\"elementor-icon-list-item\">\n\t\t\t\t\t\t\t\t\t\t\t<a href=\"mailto:info@forto-lebensberatung.de?subject=Website-Anfrage:\">\n\n\t\t\t\t\t\t\t\t\t\t\t\t<span class=\"elementor-icon-list-icon\">\n\t\t\t\t\t\t\t<svg aria-hidden=\"true\" class=\"e-font-icon-svg e-far-envelope\" viewBox=\"0 0 512 512\" xmlns=\"http:\/\/www.w3.org\/2000\/svg\"><path d=\"M464 64H48C21.49 64 0 85.49 0 112v288c0 26.51 21.49 48 48 48h416c26.51 0 48-21.49 48-48V112c0-26.51-21.49-48-48-48zm0 48v40.805c-22.422 18.259-58.168 46.651-134.587 106.49-16.841 13.247-50.201 45.072-73.413 44.701-23.208.375-56.579-31.459-73.413-44.701C106.18 199.465 70.425 171.067 48 152.805V112h416zM48 400V214.398c22.914 18.251 55.409 43.862 104.938 82.646 21.857 17.205 60.134 55.186 103.062 54.955 42.717.231 80.509-37.199 103.053-54.947 49.528-38.783 82.032-64.401 104.947-82.653V400H48z\"><\/path><\/svg>\t\t\t\t\t\t<\/span>\n\t\t\t\t\t\t\t\t\t\t<span class=\"elementor-icon-list-text\">info@forto-lebensberatung.de<\/span>\n\t\t\t\t\t\t\t\t\t\t\t<\/a>\n\t\t\t\t\t\t\t\t\t<\/li>\n\t\t\t\t\t\t\t\t<li class=\"elementor-icon-list-item\">\n\t\t\t\t\t\t\t\t\t\t\t<a href=\"tel:+4915754407638\">\n\n\t\t\t\t\t\t\t\t\t\t\t\t<span class=\"elementor-icon-list-icon\">\n\t\t\t\t\t\t\t<svg aria-hidden=\"true\" class=\"e-font-icon-svg e-fas-phone-alt\" viewBox=\"0 0 512 512\" xmlns=\"http:\/\/www.w3.org\/2000\/svg\"><path d=\"M497.39 361.8l-112-48a24 24 0 0 0-28 6.9l-49.6 60.6A370.66 370.66 0 0 1 130.6 204.11l60.6-49.6a23.94 23.94 0 0 0 6.9-28l-48-112A24.16 24.16 0 0 0 122.6.61l-104 24A24 24 0 0 0 0 48c0 256.5 207.9 464 464 464a24 24 0 0 0 23.4-18.6l24-104a24.29 24.29 0 0 0-14.01-27.6z\"><\/path><\/svg>\t\t\t\t\t\t<\/span>\n\t\t\t\t\t\t\t\t\t\t<span class=\"elementor-icon-list-text\">01575 4407 638<\/span>\n\t\t\t\t\t\t\t\t\t\t\t<\/a>\n\t\t\t\t\t\t\t\t\t<\/li>\n\t\t\t\t\t\t<\/ul>\n\t\t\t\t\t\t<\/div>\n\t\t\t\t<div class=\"elementor-element elementor-element-697b9d5 elementor-widget elementor-widget-heading\" data-id=\"697b9d5\" data-element_type=\"widget\" data-e-type=\"widget\" data-widget_type=\"heading.default\">\n\t\t\t\t\t<h3 class=\"elementor-heading-title elementor-size-default\">\u2026 auf folgenden Sprachen:<\/h3>\t\t\t\t<\/div>\n\t\t<div class=\"elementor-element elementor-element-fe3fd9e e-con-full e-flex e-con e-child\" data-id=\"fe3fd9e\" data-element_type=\"container\" data-e-type=\"container\">\n\t\t<div class=\"elementor-element elementor-element-40524b2 e-con-full e-flex e-con e-child\" data-id=\"40524b2\" data-element_type=\"container\" data-e-type=\"container\" data-settings=\"{&quot;background_background&quot;:&quot;classic&quot;}\">\n\t\t\t\t<div class=\"elementor-element elementor-element-fc1caa8 elementor-widget elementor-widget-heading\" data-id=\"fc1caa8\" data-element_type=\"widget\" data-e-type=\"widget\" data-widget_type=\"heading.default\">\n\t\t\t\t\t<h3 class=\"elementor-heading-title elementor-size-default\">Deutsch<\/h3>\t\t\t\t<\/div>\n\t\t\t\t<\/div>\n\t\t<div class=\"elementor-element elementor-element-26068af e-con-full e-flex e-con e-child\" data-id=\"26068af\" data-element_type=\"container\" data-e-type=\"container\" data-settings=\"{&quot;background_background&quot;:&quot;classic&quot;}\">\n\t\t\t\t<div class=\"elementor-element elementor-element-497506e elementor-widget elementor-widget-heading\" data-id=\"497506e\" data-element_type=\"widget\" data-e-type=\"widget\" data-widget_type=\"heading.default\">\n\t\t\t\t\t<h3 class=\"elementor-heading-title elementor-size-default\">Bosnisch<\/h3>\t\t\t\t<\/div>\n\t\t\t\t<\/div>\n\t\t<div class=\"elementor-element elementor-element-491a274 e-con-full e-flex e-con e-child\" data-id=\"491a274\" data-element_type=\"container\" data-e-type=\"container\" data-settings=\"{&quot;background_background&quot;:&quot;classic&quot;}\">\n\t\t\t\t<div class=\"elementor-element elementor-element-2a60da7 elementor-widget elementor-widget-heading\" data-id=\"2a60da7\" data-element_type=\"widget\" data-e-type=\"widget\" data-widget_type=\"heading.default\">\n\t\t\t\t\t<h3 class=\"elementor-heading-title elementor-size-default\">Kroatisch<\/h3>\t\t\t\t<\/div>\n\t\t\t\t<\/div>\n\t\t<div class=\"elementor-element elementor-element-b6b9b41 e-con-full e-flex e-con e-child\" data-id=\"b6b9b41\" data-element_type=\"container\" data-e-type=\"container\" data-settings=\"{&quot;background_background&quot;:&quot;classic&quot;}\">\n\t\t\t\t<div class=\"elementor-element elementor-element-5c4e1a2 elementor-widget elementor-widget-heading\" data-id=\"5c4e1a2\" data-element_type=\"widget\" data-e-type=\"widget\" data-widget_type=\"heading.default\">\n\t\t\t\t\t<h3 class=\"elementor-heading-title elementor-size-default\">Serbisch<\/h3>\t\t\t\t<\/div>\n\t\t\t\t<\/div>\n\t\t<div class=\"elementor-element elementor-element-797ca9e e-con-full e-flex e-con e-child\" data-id=\"797ca9e\" data-element_type=\"container\" data-e-type=\"container\" data-settings=\"{&quot;background_background&quot;:&quot;classic&quot;}\">\n\t\t\t\t<div class=\"elementor-element elementor-element-ee166d4 elementor-widget elementor-widget-heading\" data-id=\"ee166d4\" data-element_type=\"widget\" data-e-type=\"widget\" data-widget_type=\"heading.default\">\n\t\t\t\t\t<h3 class=\"elementor-heading-title elementor-size-default\">Montenegrinisch<\/h3>\t\t\t\t<\/div>\n\t\t\t\t<\/div>\n\t\t<div class=\"elementor-element elementor-element-8b77c82 e-con-full e-flex e-con e-child\" data-id=\"8b77c82\" data-element_type=\"container\" data-e-type=\"container\" data-settings=\"{&quot;background_background&quot;:&quot;classic&quot;}\">\n\t\t\t\t<div class=\"elementor-element elementor-element-c0a3387 elementor-widget elementor-widget-heading\" data-id=\"c0a3387\" data-element_type=\"widget\" data-e-type=\"widget\" data-widget_type=\"heading.default\">\n\t\t\t\t\t<h3 class=\"elementor-heading-title elementor-size-default\">Albanisch (schriftlich)<\/h3>\t\t\t\t<\/div>\n\t\t\t\t<\/div>\n\t\t<div class=\"elementor-element elementor-element-95a265e e-con-full e-flex e-con e-child\" data-id=\"95a265e\" data-element_type=\"container\" data-e-type=\"container\" data-settings=\"{&quot;background_background&quot;:&quot;classic&quot;}\">\n\t\t\t\t<div class=\"elementor-element elementor-element-551cbdd elementor-widget elementor-widget-heading\" data-id=\"551cbdd\" data-element_type=\"widget\" data-e-type=\"widget\" data-widget_type=\"heading.default\">\n\t\t\t\t\t<h3 class=\"elementor-heading-title elementor-size-default\">Mazedonisch (schriftlich)<\/h3>\t\t\t\t<\/div>\n\t\t\t\t<\/div>\n\t\t<div class=\"elementor-element elementor-element-b7f3677 e-con-full e-flex e-con e-child\" data-id=\"b7f3677\" data-element_type=\"container\" data-e-type=\"container\" data-settings=\"{&quot;background_background&quot;:&quot;classic&quot;}\">\n\t\t\t\t<div class=\"elementor-element elementor-element-bf9d6b8 elementor-widget elementor-widget-heading\" data-id=\"bf9d6b8\" data-element_type=\"widget\" data-e-type=\"widget\" data-widget_type=\"heading.default\">\n\t\t\t\t\t<h3 class=\"elementor-heading-title elementor-size-default\">Bulgarisch (schriftlich)<\/h3>\t\t\t\t<\/div>\n\t\t\t\t<\/div>\n\t\t\t\t<\/div>\n\t\t\t\t<\/div>\n\t\t\t\t\t<\/div>\n\t\t\t\t<\/div>\n\t\t\t\t<\/div>\n\t\t","protected":false},"excerpt":{"rendered":"<p>Wege finden, Leben in Deutschland gestalten Ich berate insbesondere Menschen aus dem Westbalkan, die sich in Deutschland ein neues Leben aufbauen. Aus eigener Erfahrung wei\u00df ich, mit welchen Schwierigkeiten und Herausforderungen dies verbunden sein kann \u2014 und wie wichtig gute Beratung und Unterst\u00fctzung sind. Hierf\u00fcr bin ich Ihr Ansprechpartner. Ich begleite Sie als Lebensberater individuell [&hellip;]<\/p>\n","protected":false},"author":1,"featured_media":0,"parent":0,"menu_order":0,"comment_status":"closed","ping_status":"closed","template":"","meta":{"footnotes":""},"class_list":["post-10","page","type-page","status-publish","hentry"],"yoast_head":"<!-- This site is optimized with the Yoast SEO plugin v26.9 - https:\/\/yoast.com\/product\/yoast-seo-wordpress\/ -->\n<title>Startseite &#8212; Forto Lebensberatung<\/title>\n<meta name=\"description\" content=\"Erfahren Sie, wie Sie Ihren Start in Deutschland erfolgreich gestalten k\u00f6nnen. Als erfahrener Lebensberater unterst\u00fctze ich Menschen aus dem Westbalkan bei der Bew\u00e4ltigung der Herausforderungen und begleite sie individuell auf ihrem Weg zu einem neuen Leben in Deutschland.\" \/>\n<meta name=\"robots\" content=\"index, follow, max-snippet:-1, max-image-preview:large, max-video-preview:-1\" \/>\n<link rel=\"canonical\" href=\"https:\/\/forto-lebensberatung.de\/de\/\" \/>\n<meta property=\"og:locale\" content=\"de_DE\" \/>\n<meta property=\"og:type\" content=\"article\" \/>\n<meta property=\"og:title\" content=\"Startseite &#8212; Forto Lebensberatung\" \/>\n<meta property=\"og:description\" content=\"Erfahren Sie, wie Sie Ihren Start in Deutschland erfolgreich gestalten k\u00f6nnen. Als erfahrener Lebensberater unterst\u00fctze ich Menschen aus dem Westbalkan bei der Bew\u00e4ltigung der Herausforderungen und begleite sie individuell auf ihrem Weg zu einem neuen Leben in Deutschland.\" \/>\n<meta property=\"og:url\" content=\"https:\/\/forto-lebensberatung.de\/de\/\" \/>\n<meta property=\"og:site_name\" content=\"Forto Lebensberatung\" \/>\n<meta property=\"article:modified_time\" content=\"2024-02-17T22:13:11+00:00\" \/>\n<meta property=\"og:image\" content=\"https:\/\/forto-lebensberatung.de\/wp-content\/uploads\/2024\/02\/portrait.jpg\" \/>\n<meta name=\"twitter:card\" content=\"summary_large_image\" \/>\n<meta name=\"twitter:label1\" content=\"Gesch\u00e4tzte Lesezeit\" \/>\n\t<meta name=\"twitter:data1\" content=\"1\u00a0Minute\" \/>\n<script type=\"application\/ld+json\" class=\"yoast-schema-graph\">{\"@context\":\"https:\/\/schema.org\",\"@graph\":[{\"@type\":\"WebPage\",\"@id\":\"https:\/\/forto-lebensberatung.de\/de\/\",\"url\":\"https:\/\/forto-lebensberatung.de\/de\/\",\"name\":\"Startseite &#8212; Forto Lebensberatung\",\"isPartOf\":{\"@id\":\"https:\/\/forto-lebensberatung.de\/de\/#website\"},\"primaryImageOfPage\":{\"@id\":\"https:\/\/forto-lebensberatung.de\/de\/#primaryimage\"},\"image\":{\"@id\":\"https:\/\/forto-lebensberatung.de\/de\/#primaryimage\"},\"thumbnailUrl\":\"https:\/\/forto-lebensberatung.de\/wp-content\/uploads\/2024\/02\/portrait.jpg\",\"datePublished\":\"2023-12-24T14:19:24+00:00\",\"dateModified\":\"2024-02-17T22:13:11+00:00\",\"description\":\"Erfahren Sie, wie Sie Ihren Start in Deutschland erfolgreich gestalten k\u00f6nnen. Als erfahrener Lebensberater unterst\u00fctze ich Menschen aus dem Westbalkan bei der Bew\u00e4ltigung der Herausforderungen und begleite sie individuell auf ihrem Weg zu einem neuen Leben in Deutschland.\",\"breadcrumb\":{\"@id\":\"https:\/\/forto-lebensberatung.de\/de\/#breadcrumb\"},\"inLanguage\":\"de\",\"potentialAction\":[{\"@type\":\"ReadAction\",\"target\":[\"https:\/\/forto-lebensberatung.de\/de\/\"]}]},{\"@type\":\"ImageObject\",\"inLanguage\":\"de\",\"@id\":\"https:\/\/forto-lebensberatung.de\/de\/#primaryimage\",\"url\":\"https:\/\/forto-lebensberatung.de\/wp-content\/uploads\/2024\/02\/portrait.jpg\",\"contentUrl\":\"https:\/\/forto-lebensberatung.de\/wp-content\/uploads\/2024\/02\/portrait.jpg\"},{\"@type\":\"BreadcrumbList\",\"@id\":\"https:\/\/forto-lebensberatung.de\/de\/#breadcrumb\",\"itemListElement\":[{\"@type\":\"ListItem\",\"position\":1,\"name\":\"Startseite\",\"item\":\"https:\/\/forto-lebensberatung.de\/de\/\"},{\"@type\":\"ListItem\",\"position\":2,\"name\":\"Startseite\"}]},{\"@type\":\"WebSite\",\"@id\":\"https:\/\/forto-lebensberatung.de\/de\/#website\",\"url\":\"https:\/\/forto-lebensberatung.de\/de\/\",\"name\":\"Forto Lebensberatung\",\"description\":\"\",\"alternateName\":\"Vedad Forto Lebensberatung\",\"potentialAction\":[{\"@type\":\"SearchAction\",\"target\":{\"@type\":\"EntryPoint\",\"urlTemplate\":\"https:\/\/forto-lebensberatung.de\/de\/?s={search_term_string}\"},\"query-input\":{\"@type\":\"PropertyValueSpecification\",\"valueRequired\":true,\"valueName\":\"search_term_string\"}}],\"inLanguage\":\"de\"}]}<\/script>\n<!-- \/ Yoast SEO plugin. -->","yoast_head_json":{"title":"Startseite &#8212; Forto Lebensberatung","description":"Erfahren Sie, wie Sie Ihren Start in Deutschland erfolgreich gestalten k\u00f6nnen. Als erfahrener Lebensberater unterst\u00fctze ich Menschen aus dem Westbalkan bei der Bew\u00e4ltigung der Herausforderungen und begleite sie individuell auf ihrem Weg zu einem neuen Leben in Deutschland.","robots":{"index":"index","follow":"follow","max-snippet":"max-snippet:-1","max-image-preview":"max-image-preview:large","max-video-preview":"max-video-preview:-1"},"canonical":"https:\/\/forto-lebensberatung.de\/de\/","og_locale":"de_DE","og_type":"article","og_title":"Startseite &#8212; Forto Lebensberatung","og_description":"Erfahren Sie, wie Sie Ihren Start in Deutschland erfolgreich gestalten k\u00f6nnen. Als erfahrener Lebensberater unterst\u00fctze ich Menschen aus dem Westbalkan bei der Bew\u00e4ltigung der Herausforderungen und begleite sie individuell auf ihrem Weg zu einem neuen Leben in Deutschland.","og_url":"https:\/\/forto-lebensberatung.de\/de\/","og_site_name":"Forto Lebensberatung","article_modified_time":"2024-02-17T22:13:11+00:00","og_image":[{"url":"https:\/\/forto-lebensberatung.de\/wp-content\/uploads\/2024\/02\/portrait.jpg","type":"","width":"","height":""}],"twitter_card":"summary_large_image","twitter_misc":{"Gesch\u00e4tzte Lesezeit":"1\u00a0Minute"},"schema":{"@context":"https:\/\/schema.org","@graph":[{"@type":"WebPage","@id":"https:\/\/forto-lebensberatung.de\/de\/","url":"https:\/\/forto-lebensberatung.de\/de\/","name":"Startseite &#8212; Forto Lebensberatung","isPartOf":{"@id":"https:\/\/forto-lebensberatung.de\/de\/#website"},"primaryImageOfPage":{"@id":"https:\/\/forto-lebensberatung.de\/de\/#primaryimage"},"image":{"@id":"https:\/\/forto-lebensberatung.de\/de\/#primaryimage"},"thumbnailUrl":"https:\/\/forto-lebensberatung.de\/wp-content\/uploads\/2024\/02\/portrait.jpg","datePublished":"2023-12-24T14:19:24+00:00","dateModified":"2024-02-17T22:13:11+00:00","description":"Erfahren Sie, wie Sie Ihren Start in Deutschland erfolgreich gestalten k\u00f6nnen. Als erfahrener Lebensberater unterst\u00fctze ich Menschen aus dem Westbalkan bei der Bew\u00e4ltigung der Herausforderungen und begleite sie individuell auf ihrem Weg zu einem neuen Leben in Deutschland.","breadcrumb":{"@id":"https:\/\/forto-lebensberatung.de\/de\/#breadcrumb"},"inLanguage":"de","potentialAction":[{"@type":"ReadAction","target":["https:\/\/forto-lebensberatung.de\/de\/"]}]},{"@type":"ImageObject","inLanguage":"de","@id":"https:\/\/forto-lebensberatung.de\/de\/#primaryimage","url":"https:\/\/forto-lebensberatung.de\/wp-content\/uploads\/2024\/02\/portrait.jpg","contentUrl":"https:\/\/forto-lebensberatung.de\/wp-content\/uploads\/2024\/02\/portrait.jpg"},{"@type":"BreadcrumbList","@id":"https:\/\/forto-lebensberatung.de\/de\/#breadcrumb","itemListElement":[{"@type":"ListItem","position":1,"name":"Startseite","item":"https:\/\/forto-lebensberatung.de\/de\/"},{"@type":"ListItem","position":2,"name":"Startseite"}]},{"@type":"WebSite","@id":"https:\/\/forto-lebensberatung.de\/de\/#website","url":"https:\/\/forto-lebensberatung.de\/de\/","name":"Forto Lebensberatung","description":"","alternateName":"Vedad Forto Lebensberatung","potentialAction":[{"@type":"SearchAction","target":{"@type":"EntryPoint","urlTemplate":"https:\/\/forto-lebensberatung.de\/de\/?s={search_term_string}"},"query-input":{"@type":"PropertyValueSpecification","valueRequired":true,"valueName":"search_term_string"}}],"inLanguage":"de"}]}},"_links":{"self":[{"href":"https:\/\/forto-lebensberatung.de\/de\/wp-json\/wp\/v2\/pages\/10","targetHints":{"allow":["GET"]}}],"collection":[{"href":"https:\/\/forto-lebensberatung.de\/de\/wp-json\/wp\/v2\/pages"}],"about":[{"href":"https:\/\/forto-lebensberatung.de\/de\/wp-json\/wp\/v2\/types\/page"}],"author":[{"embeddable":true,"href":"https:\/\/forto-lebensberatung.de\/de\/wp-json\/wp\/v2\/users\/1"}],"replies":[{"embeddable":true,"href":"https:\/\/forto-lebensberatung.de\/de\/wp-json\/wp\/v2\/comments?post=10"}],"version-history":[{"count":10,"href":"https:\/\/forto-lebensberatung.de\/de\/wp-json\/wp\/v2\/pages\/10\/revisions"}],"predecessor-version":[{"id":358,"href":"https:\/\/forto-lebensberatung.de\/de\/wp-json\/wp\/v2\/pages\/10\/revisions\/358"}],"wp:attachment":[{"href":"https:\/\/forto-lebensberatung.de\/de\/wp-json\/wp\/v2\/media?parent=10"}],"curies":[{"name":"wp","href":"https:\/\/api.w.org\/{rel}","templated":true}]}}